{"id":16,"date":"2019-11-03T15:09:15","date_gmt":"2019-11-03T14:09:15","guid":{"rendered":"https:\/\/www.welpen.de\/zuechter\/mueller\/?page_id=16"},"modified":"2019-11-12T15:40:29","modified_gmt":"2019-11-12T14:40:29","slug":"unser-deckruede","status":"publish","type":"page","link":"https:\/\/www.welpen.de\/zuechter\/mueller\/unser-deckruede\/","title":{"rendered":"Unser Deckr\u00fcde"},"content":{"rendered":"\n<p>Wir m\u00f6chten Ihnen hier voller Stolz unseren Samy als Deckr\u00fcden vorstellen. Er stammt aus einer durchgez\u00fcchteten Redwitch Linie.<\/p>\n\n\n\n<p>Gr\u00f6\u00dfe: 70 cm \/\/ Gewicht: 55 kg<\/p>\n\n\n\n<p>Das Sperma von Samy wurde am 28.03.2017 in der Tierklinik untersucht und f\u00fcr sehr gut befunden.&nbsp;<br>H\u00fcfte : A1<br>Augen: o.B&nbsp;<br>Zuchtzulassung bis 2019<br><\/p>\n\n\n\n<figure class=\"wp-block-image\"><img loading=\"lazy\" decoding=\"async\" width=\"800\" height=\"600\" src=\"https:\/\/www.welpen.de\/zuechter\/mueller\/wp-content\/uploads\/2019\/11\/001-2.jpg\" alt=\"\" class=\"wp-image-68\" srcset=\"https:\/\/www.welpen.de\/zuechter\/mueller\/wp-content\/uploads\/2019\/11\/001-2.jpg 800w, https:\/\/www.welpen.de\/zuechter\/mueller\/wp-content\/uploads\/2019\/11\/001-2-300x225.jpg 300w, https:\/\/www.welpen.de\/zuechter\/mueller\/wp-content\/uploads\/2019\/11\/001-2-768x576.jpg 768w, https:\/\/www.welpen.de\/zuechter\/mueller\/wp-content\/uploads\/2019\/11\/001-2-640x480.jpg 640w\" sizes=\"auto, (max-width: 800px) 100vw, 800px\" \/><\/figure>\n\n\n\n<figure class=\"wp-block-image\"><a href=\"https:\/\/www.welpen.de\/zuechter\/mueller\/wp-content\/uploads\/2019\/11\/pedigr-1024x710-1024x710.jpg\"><img loading=\"lazy\" decoding=\"async\" width=\"1024\" height=\"710\" src=\"https:\/\/www.welpen.de\/zuechter\/mueller\/wp-content\/uploads\/2019\/11\/pedigr-1024x710-1024x710.jpg\" alt=\"\" class=\"wp-image-69\" srcset=\"https:\/\/www.welpen.de\/zuechter\/mueller\/wp-content\/uploads\/2019\/11\/pedigr-1024x710.jpg 1024w, https:\/\/www.welpen.de\/zuechter\/mueller\/wp-content\/uploads\/2019\/11\/pedigr-1024x710-300x208.jpg 300w, https:\/\/www.welpen.de\/zuechter\/mueller\/wp-content\/uploads\/2019\/11\/pedigr-1024x710-768x533.jpg 768w\" sizes=\"auto, (max-width: 1024px) 100vw, 1024px\" \/><\/a><\/figure>\n\n\n\n<figure><iframe loading=\"lazy\" width=\"675\" height=\"380\" src=\"https:\/\/www.youtube.com\/embed\/UpGuLcybNHs\" allowfullscreen=\"\"><\/iframe><\/figure>\n\n\n\n<hr class=\"wp-block-separator\"\/>\n\n\n\n<figure class=\"wp-block-image\"><img loading=\"lazy\" decoding=\"async\" width=\"800\" height=\"800\" src=\"https:\/\/www.welpen.de\/zuechter\/mueller\/wp-content\/uploads\/2019\/11\/IMG_1893.jpg\" alt=\"\" class=\"wp-image-71\" srcset=\"https:\/\/www.welpen.de\/zuechter\/mueller\/wp-content\/uploads\/2019\/11\/IMG_1893.jpg 800w, https:\/\/www.welpen.de\/zuechter\/mueller\/wp-content\/uploads\/2019\/11\/IMG_1893-150x150.jpg 150w, https:\/\/www.welpen.de\/zuechter\/mueller\/wp-content\/uploads\/2019\/11\/IMG_1893-300x300.jpg 300w, https:\/\/www.welpen.de\/zuechter\/mueller\/wp-content\/uploads\/2019\/11\/IMG_1893-768x768.jpg 768w, https:\/\/www.welpen.de\/zuechter\/mueller\/wp-content\/uploads\/2019\/11\/IMG_1893-640x640.jpg 640w, https:\/\/www.welpen.de\/zuechter\/mueller\/wp-content\/uploads\/2019\/11\/IMG_1893-180x180.jpg 180w\" sizes=\"auto, (max-width: 800px) 100vw, 800px\" \/><\/figure>\n\n\n\n<p><strong>Familie M\u00fcller<br><\/strong>85084 Reichertshofen Winden am Aign<br>Hauptstra\u00dfe 39<\/p>\n\n\n\n<p>Tel. 0163 265 4123<br><a href=\"mailto:shinemydiamondakitayt@gmail.com\">shinemydiamondakitayt@gmail.com<\/a><\/p>\n","protected":false},"excerpt":{"rendered":"<p>Wir m\u00f6chten Ihnen hier voller Stolz unseren Samy als Deckr\u00fcden vorstellen. Er stammt aus einer durchgez\u00fcchteten Redwitch Linie. Gr\u00f6\u00dfe: 70 cm \/\/ Gewicht: 55 kg Das Sperma von Samy wurde am 28.03.2017 in der Tierklinik untersucht und f\u00fcr sehr gut <a class=\"more-link\" href=\"https:\/\/www.welpen.de\/zuechter\/mueller\/unser-deckruede\/\">Weiterlesen\u00a0\u2026<\/a><\/p>\n","protected":false},"author":1,"featured_media":0,"parent":0,"menu_order":0,"comment_status":"closed","ping_status":"closed","template":"","meta":{"footnotes":""},"class_list":["post-16","page","type-page","status-publish","hentry"],"_links":{"self":[{"href":"https:\/\/www.welpen.de\/zuechter\/mueller\/wp-json\/wp\/v2\/pages\/16","targetHints":{"allow":["GET"]}}],"collection":[{"href":"https:\/\/www.welpen.de\/zuechter\/mueller\/wp-json\/wp\/v2\/pages"}],"about":[{"href":"https:\/\/www.welpen.de\/zuechter\/mueller\/wp-json\/wp\/v2\/types\/page"}],"author":[{"embeddable":true,"href":"https:\/\/www.welpen.de\/zuechter\/mueller\/wp-json\/wp\/v2\/users\/1"}],"replies":[{"embeddable":true,"href":"https:\/\/www.welpen.de\/zuechter\/mueller\/wp-json\/wp\/v2\/comments?post=16"}],"version-history":[{"count":4,"href":"https:\/\/www.welpen.de\/zuechter\/mueller\/wp-json\/wp\/v2\/pages\/16\/revisions"}],"predecessor-version":[{"id":180,"href":"https:\/\/www.welpen.de\/zuechter\/mueller\/wp-json\/wp\/v2\/pages\/16\/revisions\/180"}],"wp:attachment":[{"href":"https:\/\/www.welpen.de\/zuechter\/mueller\/wp-json\/wp\/v2\/media?parent=16"}],"curies":[{"name":"wp","href":"https:\/\/api.w.org\/{rel}","templated":true}]}}