{"id":14,"date":"2019-11-03T15:09:04","date_gmt":"2019-11-03T14:09:04","guid":{"rendered":"https:\/\/www.welpen.de\/zuechter\/mueller\/?page_id=14"},"modified":"2025-12-29T10:18:10","modified_gmt":"2025-12-29T09:18:10","slug":"videos","status":"publish","type":"page","link":"https:\/\/www.welpen.de\/zuechter\/mueller\/videos\/","title":{"rendered":"Videos"},"content":{"rendered":"\n<figure><iframe loading=\"lazy\" width=\"675\" height=\"380\" src=\"https:\/\/www.youtube-nocookie.com\/embed\/4ux4aw84zrw?rel=0\" allowfullscreen=\"\"><\/iframe><\/figure>\n\n\n\n<hr class=\"wp-block-separator has-css-opacity\"\/>\n\n\n\n<hr class=\"wp-block-separator has-css-opacity\"\/>\n\n\n\n<hr class=\"wp-block-separator has-css-opacity\"\/>\n\n\n\n<hr class=\"wp-block-separator has-css-opacity\"\/>\n\n\n\n<figure><iframe loading=\"lazy\" width=\"675\" height=\"380\" src=\"https:\/\/www.youtube-nocookie.com\/embed\/gj2C3uqcEpg?rel=0\" allowfullscreen=\"\"><\/iframe><\/figure>\n\n\n\n<hr class=\"wp-block-separator has-css-opacity\"\/>\n\n\n\n<figure><iframe loading=\"lazy\" width=\"675\" height=\"380\" src=\"https:\/\/www.youtube-nocookie.com\/embed\/rA3z_iwwobQ?rel=0\" allowfullscreen=\"\"><\/iframe><\/figure>\n\n\n\n<hr class=\"wp-block-separator has-css-opacity\"\/>\n\n\n\n<hr class=\"wp-block-separator has-css-opacity\"\/>\n\n\n\n<p>Bei Interesse oder wenn Sie Fragen haben d\u00fcrfen sie uns nat\u00fcrlich gerne anrufen.&nbsp;Auch nach dem Kauf sind wir immer f\u00fcr unsere Welpen da.<\/p>\n\n\n\n<p><strong>Familie M\u00fcller<br><\/strong>85084 Reichertshofen Winden am Aign<br>Hauptstra\u00dfe 39<br><br>Tel. 0163 265 4123<br><a href=\"mailto:shinemydiamondakitayt@gmail.com\">shinemydiamondakitayt@gmail.com<\/a><\/p>\n\n\n\n<figure class=\"wp-block-embed is-type-video is-provider-youtube wp-block-embed-youtube wp-embed-aspect-4-3 wp-has-aspect-ratio\"><div class=\"wp-block-embed__wrapper\">\n<iframe loading=\"lazy\" title=\"Die s\u00fc\u00dfesten Hunde Welpen der Welt  AMERICAN AKITA Akita Inu Puppies 10Wochen und in bester Stimmung\" width=\"540\" height=\"304\" src=\"https:\/\/www.youtube.com\/embed\/_1RXiQSoWjw?feature=oembed\" frameborder=\"0\" allow=\"accelerometer; autoplay; clipboard-write; encrypted-media; gyroscope; picture-in-picture; web-share\" referrerpolicy=\"strict-origin-when-cross-origin\" allowfullscreen><\/iframe>\n<\/div><\/figure>\n","protected":false},"excerpt":{"rendered":"<p>Bei Interesse oder wenn Sie Fragen haben d\u00fcrfen sie uns nat\u00fcrlich gerne anrufen.&nbsp;Auch nach dem Kauf sind wir immer f\u00fcr unsere Welpen da. Familie M\u00fcller85084 Reichertshofen Winden am AignHauptstra\u00dfe 39 Tel. 0163 265 4123shinemydiamondakitayt@gmail.com<\/p>\n","protected":false},"author":1,"featured_media":0,"parent":0,"menu_order":0,"comment_status":"closed","ping_status":"closed","template":"","meta":{"footnotes":""},"class_list":["post-14","page","type-page","status-publish","hentry"],"_links":{"self":[{"href":"https:\/\/www.welpen.de\/zuechter\/mueller\/wp-json\/wp\/v2\/pages\/14","targetHints":{"allow":["GET"]}}],"collection":[{"href":"https:\/\/www.welpen.de\/zuechter\/mueller\/wp-json\/wp\/v2\/pages"}],"about":[{"href":"https:\/\/www.welpen.de\/zuechter\/mueller\/wp-json\/wp\/v2\/types\/page"}],"author":[{"embeddable":true,"href":"https:\/\/www.welpen.de\/zuechter\/mueller\/wp-json\/wp\/v2\/users\/1"}],"replies":[{"embeddable":true,"href":"https:\/\/www.welpen.de\/zuechter\/mueller\/wp-json\/wp\/v2\/comments?post=14"}],"version-history":[{"count":15,"href":"https:\/\/www.welpen.de\/zuechter\/mueller\/wp-json\/wp\/v2\/pages\/14\/revisions"}],"predecessor-version":[{"id":379,"href":"https:\/\/www.welpen.de\/zuechter\/mueller\/wp-json\/wp\/v2\/pages\/14\/revisions\/379"}],"wp:attachment":[{"href":"https:\/\/www.welpen.de\/zuechter\/mueller\/wp-json\/wp\/v2\/media?parent=14"}],"curies":[{"name":"wp","href":"https:\/\/api.w.org\/{rel}","templated":true}]}}