{"id":12,"date":"2019-11-03T15:08:41","date_gmt":"2019-11-03T14:08:41","guid":{"rendered":"https:\/\/www.welpen.de\/zuechter\/mueller\/?page_id=12"},"modified":"2024-04-02T15:41:58","modified_gmt":"2024-04-02T13:41:58","slug":"startseite","status":"publish","type":"page","link":"https:\/\/www.welpen.de\/zuechter\/mueller\/","title":{"rendered":"Startseite"},"content":{"rendered":"\n<hr class=\"wp-block-separator has-alpha-channel-opacity\"\/>\n\n\n\n<hr class=\"wp-block-separator has-alpha-channel-opacity\"\/>\n\n\n\n<figure class=\"wp-block-image size-full\"><img loading=\"lazy\" decoding=\"async\" width=\"800\" height=\"459\" src=\"https:\/\/www.welpen.de\/zuechter\/mueller\/wp-content\/uploads\/2020\/09\/akita4.jpg\" alt=\"\" class=\"wp-image-302\" srcset=\"https:\/\/www.welpen.de\/zuechter\/mueller\/wp-content\/uploads\/2020\/09\/akita4.jpg 800w, https:\/\/www.welpen.de\/zuechter\/mueller\/wp-content\/uploads\/2020\/09\/akita4-300x172.jpg 300w, https:\/\/www.welpen.de\/zuechter\/mueller\/wp-content\/uploads\/2020\/09\/akita4-768x441.jpg 768w\" sizes=\"auto, (max-width: 800px) 100vw, 800px\" \/><figcaption class=\"wp-element-caption\">Der Vater von Sanny<\/figcaption><\/figure>\n\n\n\n<figure class=\"wp-block-gallery has-nested-images columns-default is-cropped wp-block-gallery-1 is-layout-flex wp-block-gallery-is-layout-flex\">\n<figure class=\"wp-block-image size-large\"><a href=\"https:\/\/www.welpen.de\/zuechter\/mueller\/wp-content\/uploads\/2020\/09\/akita.jpg\"><img loading=\"lazy\" decoding=\"async\" width=\"800\" height=\"600\" data-id=\"304\" src=\"https:\/\/www.welpen.de\/zuechter\/mueller\/wp-content\/uploads\/2020\/09\/akita.jpg\" alt=\"\" class=\"wp-image-304\" srcset=\"https:\/\/www.welpen.de\/zuechter\/mueller\/wp-content\/uploads\/2020\/09\/akita.jpg 800w, https:\/\/www.welpen.de\/zuechter\/mueller\/wp-content\/uploads\/2020\/09\/akita-300x225.jpg 300w, https:\/\/www.welpen.de\/zuechter\/mueller\/wp-content\/uploads\/2020\/09\/akita-768x576.jpg 768w\" sizes=\"auto, (max-width: 800px) 100vw, 800px\" \/><\/a><\/figure>\n\n\n\n<figure class=\"wp-block-image size-large\"><a href=\"https:\/\/www.welpen.de\/zuechter\/mueller\/wp-content\/uploads\/2020\/09\/akita1.jpg\"><img loading=\"lazy\" decoding=\"async\" width=\"800\" height=\"379\" data-id=\"305\" src=\"https:\/\/www.welpen.de\/zuechter\/mueller\/wp-content\/uploads\/2020\/09\/akita1.jpg\" alt=\"\" class=\"wp-image-305\" srcset=\"https:\/\/www.welpen.de\/zuechter\/mueller\/wp-content\/uploads\/2020\/09\/akita1.jpg 800w, https:\/\/www.welpen.de\/zuechter\/mueller\/wp-content\/uploads\/2020\/09\/akita1-300x142.jpg 300w, https:\/\/www.welpen.de\/zuechter\/mueller\/wp-content\/uploads\/2020\/09\/akita1-768x364.jpg 768w\" sizes=\"auto, (max-width: 800px) 100vw, 800px\" \/><\/a><\/figure>\n\n\n\n<figure class=\"wp-block-image size-large\"><a href=\"https:\/\/www.welpen.de\/zuechter\/mueller\/wp-content\/uploads\/2020\/09\/akita2.jpg\"><img loading=\"lazy\" decoding=\"async\" width=\"800\" height=\"379\" data-id=\"306\" src=\"https:\/\/www.welpen.de\/zuechter\/mueller\/wp-content\/uploads\/2020\/09\/akita2.jpg\" alt=\"\" class=\"wp-image-306\" srcset=\"https:\/\/www.welpen.de\/zuechter\/mueller\/wp-content\/uploads\/2020\/09\/akita2.jpg 800w, https:\/\/www.welpen.de\/zuechter\/mueller\/wp-content\/uploads\/2020\/09\/akita2-300x142.jpg 300w, https:\/\/www.welpen.de\/zuechter\/mueller\/wp-content\/uploads\/2020\/09\/akita2-768x364.jpg 768w\" sizes=\"auto, (max-width: 800px) 100vw, 800px\" \/><\/a><\/figure>\n<\/figure>\n\n\n\n<figure class=\"wp-block-embed is-type-video is-provider-youtube wp-block-embed-youtube wp-embed-aspect-16-9 wp-has-aspect-ratio\"><div class=\"wp-block-embed__wrapper\">\n<iframe loading=\"lazy\" title=\"Die s\u00fc\u00dfesten Hunde Welpen der Welt  AMERICAN AKITA Akita Inu Puppies 10Wochen und in bester Stimmung\" width=\"540\" height=\"304\" src=\"https:\/\/www.youtube.com\/embed\/_1RXiQSoWjw?feature=oembed\" frameborder=\"0\" allow=\"accelerometer; autoplay; clipboard-write; encrypted-media; gyroscope; picture-in-picture; web-share\" referrerpolicy=\"strict-origin-when-cross-origin\" allowfullscreen><\/iframe>\n<\/div><\/figure>\n\n\n\n<hr class=\"wp-block-separator has-css-opacity\"\/>\n\n\n\n<p>Wir pflegen eine liebevolle Familienzucht im Akita Club und arbeiten mit einem der wohl besten und erfolgreichsten Akita Z\u00fcchter in Europa zusammen.<\/p>\n\n\n\n<p><strong><em>Wir legen Wert auf Qualit\u00e4t und Gesundheit der wundervollen Rasse American Akita.&nbsp;<\/em><\/strong><br><br>Bei Interesse freuen wir uns \u00fcber einen pers\u00f6nlichen oder telefonischen Kontakt. Sie d\u00fcrfen uns und unser Akitas auch gerne besuchen und n\u00e4her kennenlernen.<\/p>\n\n\n\n<p>Wir sind auch nach dem Kauf immer f\u00fcr Sie zu erreichen, wenn sie Fragen haben und es um unser geliebten Akitas geht.<\/p>\n\n\n\n<p>Unsere Welpen werden 24 Stunden voller Liebe umsorgt und sind bei der Abgabe voll sozialisiert und wesensfest.&nbsp;<\/p>\n\n\n\n<p>Unsere Akitas stehen im Mittelpunkt unserer Familie.<br><\/p>\n\n\n\n<p>Auf unserem <strong><a href=\"https:\/\/www.youtube.com\/channel\/UCxz8daKaOn2ECh-VocYjhAw\" target=\"_blank\" rel=\"noreferrer noopener\" aria-label=\"Youtubekanal finden Sie viele Videos  (\u00f6ffnet in neuem Tab)\">Youtubekanal finden Sie viele Videos <\/a><\/strong>zu unseren Hunden<\/p>\n\n\n\n<p><strong>Familie M\u00fcller<br><\/strong>85084 Reichertshofen Winden am Aign<br>Hauptstra\u00dfe 39<br><\/p>\n\n\n\n<p>Tel. 0163 265 4123<br><a href=\"mailto:shinemydiamondakitayt@gmail.com\">shinemydiamondakitayt@gmail.com<\/a><\/p>\n","protected":false},"excerpt":{"rendered":"<p>Wir pflegen eine liebevolle Familienzucht im Akita Club und arbeiten mit einem der wohl besten und erfolgreichsten Akita Z\u00fcchter in Europa zusammen. Wir legen Wert auf Qualit\u00e4t und Gesundheit der wundervollen Rasse American Akita.&nbsp; Bei Interesse freuen wir uns \u00fcber <a class=\"more-link\" href=\"https:\/\/www.welpen.de\/zuechter\/mueller\/\">Weiterlesen\u00a0\u2026<\/a><\/p>\n","protected":false},"author":1,"featured_media":0,"parent":0,"menu_order":0,"comment_status":"closed","ping_status":"closed","template":"","meta":{"footnotes":""},"class_list":["post-12","page","type-page","status-publish","hentry"],"_links":{"self":[{"href":"https:\/\/www.welpen.de\/zuechter\/mueller\/wp-json\/wp\/v2\/pages\/12","targetHints":{"allow":["GET"]}}],"collection":[{"href":"https:\/\/www.welpen.de\/zuechter\/mueller\/wp-json\/wp\/v2\/pages"}],"about":[{"href":"https:\/\/www.welpen.de\/zuechter\/mueller\/wp-json\/wp\/v2\/types\/page"}],"author":[{"embeddable":true,"href":"https:\/\/www.welpen.de\/zuechter\/mueller\/wp-json\/wp\/v2\/users\/1"}],"replies":[{"embeddable":true,"href":"https:\/\/www.welpen.de\/zuechter\/mueller\/wp-json\/wp\/v2\/comments?post=12"}],"version-history":[{"count":43,"href":"https:\/\/www.welpen.de\/zuechter\/mueller\/wp-json\/wp\/v2\/pages\/12\/revisions"}],"predecessor-version":[{"id":376,"href":"https:\/\/www.welpen.de\/zuechter\/mueller\/wp-json\/wp\/v2\/pages\/12\/revisions\/376"}],"wp:attachment":[{"href":"https:\/\/www.welpen.de\/zuechter\/mueller\/wp-json\/wp\/v2\/media?parent=12"}],"curies":[{"name":"wp","href":"https:\/\/api.w.org\/{rel}","templated":true}]}}