{"id":473,"date":"2022-07-20T10:28:11","date_gmt":"2022-07-20T08:28:11","guid":{"rendered":"https:\/\/www.welpen.de\/zuechter\/hildebrand\/cms\/?page_id=473"},"modified":"2022-07-20T10:35:56","modified_gmt":"2022-07-20T08:35:56","slug":"jetzt-familienhund","status":"publish","type":"page","link":"https:\/\/www.welpen.de\/zuechter\/hildebrand\/jetzt-familienhund\/","title":{"rendered":"Jetzt Familienhund"},"content":{"rendered":"<p><\/p>\n\n\n\n<h2 class=\"has-text-color wp-block-heading\" style=\"color:#9d13b1\"><strong>Kora-Bess<\/strong><\/h2>\n\n\n\n<figure class=\"wp-block-image size-full is-style-default\"><img loading=\"lazy\" decoding=\"async\" width=\"320\" height=\"400\" src=\"https:\/\/www.welpen.de\/zuechter\/hildebrand\/cms\/cms\/wp-content\/uploads\/2022\/07\/Kora.2022.jpg\" alt=\"\" class=\"wp-image-477\" srcset=\"https:\/\/www.welpen.de\/zuechter\/hildebrand\/cms\/wp-content\/uploads\/2022\/07\/Kora.2022.jpg 320w, https:\/\/www.welpen.de\/zuechter\/hildebrand\/cms\/wp-content\/uploads\/2022\/07\/Kora.2022-240x300.jpg 240w\" sizes=\"auto, (max-width: 320px) 100vw, 320px\" \/><\/figure>\n\n\n\n<p>Aus Nellys erstem Wurf durfte Kora-Bess bei mir bleiben. Mit sehr starken Knochen, ein total entspanntes Wesen (aber mit gro\u00dfem Zerst\u00f6rungspotential wenn es um meine Gartenclocks ging) und einer sch\u00f6nen Gr\u00f6\u00dfe, mit einem 1. Platz als Baby auf der Ausstellung, war sie eine berechtigte Hoffnung f\u00fcr die Zucht. <\/p>\n\n\n\n<p>Bis zu dem Tag als wir beim R\u00f6ntgen einen genauen Blick auf die Gelenke werfen konnten. Innerhalb einer Stunde war mir klar dieses Sch\u00e4tzchen kann nicht in die Zucht, die Ellbogen \u2026ich war ersch\u00fcttert\u2026 aber es stand sofort fest wo sie ab sofort als Prinzessin einziehen durfte\u2026. <\/p>\n\n\n\n<p>Dort wo meine M\u00e4dels immer mal wieder in Urlaub hin d\u00fcrfen. Zu Familie Ammann nach G\u00f6ppingen wo sie jetzt hoffentlich eine w\u00fcrdige Nachfolgerin von Amoremio und Dschamie wird \u2026<\/p>\n\n\n\n<h2 class=\"has-text-color wp-block-heading\" style=\"color:#9d13b1\"><strong>Toffifee <\/strong><\/h2>\n\n\n\n<figure class=\"wp-block-image size-large\"><img loading=\"lazy\" decoding=\"async\" width=\"1024\" height=\"890\" src=\"https:\/\/www.welpen.de\/zuechter\/hildebrand\/cms\/cms\/wp-content\/uploads\/2022\/07\/Toffi.kleines.P-1024x890.jpg\" alt=\"\" class=\"wp-image-478\" srcset=\"https:\/\/www.welpen.de\/zuechter\/hildebrand\/cms\/wp-content\/uploads\/2022\/07\/Toffi.kleines.P-1024x890.jpg 1024w, https:\/\/www.welpen.de\/zuechter\/hildebrand\/cms\/wp-content\/uploads\/2022\/07\/Toffi.kleines.P-300x261.jpg 300w, https:\/\/www.welpen.de\/zuechter\/hildebrand\/cms\/wp-content\/uploads\/2022\/07\/Toffi.kleines.P-768x667.jpg 768w, https:\/\/www.welpen.de\/zuechter\/hildebrand\/cms\/wp-content\/uploads\/2022\/07\/Toffi.kleines.P-1536x1334.jpg 1536w, https:\/\/www.welpen.de\/zuechter\/hildebrand\/cms\/wp-content\/uploads\/2022\/07\/Toffi.kleines.P-2048x1779.jpg 2048w\" sizes=\"auto, (max-width: 1024px) 100vw, 1024px\" \/><\/figure>\n\n\n\n<figure class=\"wp-block-image size-full\"><img loading=\"lazy\" decoding=\"async\" width=\"800\" height=\"534\" src=\"https:\/\/www.welpen.de\/zuechter\/hildebrand\/cms\/cms\/wp-content\/uploads\/2022\/07\/Toffi.Sabine-und-ich.2021.jpg\" alt=\"\" class=\"wp-image-479\" srcset=\"https:\/\/www.welpen.de\/zuechter\/hildebrand\/cms\/wp-content\/uploads\/2022\/07\/Toffi.Sabine-und-ich.2021.jpg 800w, https:\/\/www.welpen.de\/zuechter\/hildebrand\/cms\/wp-content\/uploads\/2022\/07\/Toffi.Sabine-und-ich.2021-300x200.jpg 300w, https:\/\/www.welpen.de\/zuechter\/hildebrand\/cms\/wp-content\/uploads\/2022\/07\/Toffi.Sabine-und-ich.2021-768x513.jpg 768w\" sizes=\"auto, (max-width: 800px) 100vw, 800px\" \/><\/figure>\n\n\n\n<p>Mein wundersch\u00f6nes amerikanisches M\u00e4dchen, mein kleiner Pechvogel\u2026 der dann doch nicht in die Zucht gehen sollte. Monatelang hatte sie immer wieder ihre Schwanzspitze blutig geschlagen, als dann der Tierarzt von Amputation sprach habe ich schwere Gesch\u00fctze aufgefahren: eine kleine Petflasche wurde zum Schutz \u00fcber die offene Wunde angebracht. Das st\u00f6rte sie nicht und es heilte zu, allerdings wuchsen keine Haare mehr an dieser Stelle und es wurde mir gesagt dass ich die Rute R\u00f6ntgen und auswerten m\u00fcsste (Knickrute\u2026)<\/p>\n\n\n\n<p>Durch diese Geschichte besuchte sie auch nie eine Ausstellung. Es kam noch schlimmer, durch ungl\u00fcckliche Umst\u00e4nde verletze sie sich an einem Zahn, was ich sp\u00e4t bemerkte, er war locker und eine st\u00e4ndige Gefahr f\u00fcr Infektionen.<\/p>\n\n\n\n<p>Er musste entfernt werden, was wieder ein R\u00f6ntgen des Kiefers f\u00fcr eine Zuchtzulassung vorraussetzen w\u00fcrde\u2026 Ausstellungen fehlten ja auch\u2026 da habe ich aufgegeben\u2026 und Toffifee durfte bei meiner Freundin Sabine Prinzessin werden.<\/p>","protected":false},"excerpt":{"rendered":"<p>Kora-Bess Aus Nellys erstem Wurf durfte Kora-Bess bei mir bleiben. Mit sehr starken Knochen, ein total entspanntes Wesen (aber mit gro\u00dfem Zerst\u00f6rungspotential wenn es um meine Gartenclocks ging) und einer sch\u00f6nen Gr\u00f6\u00dfe, mit einem 1. Platz als Baby auf der <a class=\"more-link\" href=\"https:\/\/www.welpen.de\/zuechter\/hildebrand\/jetzt-familienhund\/\">Weiterlesen\u00a0\u2026<\/a><\/p>\n","protected":false},"author":1,"featured_media":0,"parent":0,"menu_order":0,"comment_status":"closed","ping_status":"closed","template":"","meta":{"footnotes":""},"class_list":["post-473","page","type-page","status-publish","hentry"],"_links":{"self":[{"href":"https:\/\/www.welpen.de\/zuechter\/hildebrand\/wp-json\/wp\/v2\/pages\/473","targetHints":{"allow":["GET"]}}],"collection":[{"href":"https:\/\/www.welpen.de\/zuechter\/hildebrand\/wp-json\/wp\/v2\/pages"}],"about":[{"href":"https:\/\/www.welpen.de\/zuechter\/hildebrand\/wp-json\/wp\/v2\/types\/page"}],"author":[{"embeddable":true,"href":"https:\/\/www.welpen.de\/zuechter\/hildebrand\/wp-json\/wp\/v2\/users\/1"}],"replies":[{"embeddable":true,"href":"https:\/\/www.welpen.de\/zuechter\/hildebrand\/wp-json\/wp\/v2\/comments?post=473"}],"version-history":[{"count":4,"href":"https:\/\/www.welpen.de\/zuechter\/hildebrand\/wp-json\/wp\/v2\/pages\/473\/revisions"}],"predecessor-version":[{"id":484,"href":"https:\/\/www.welpen.de\/zuechter\/hildebrand\/wp-json\/wp\/v2\/pages\/473\/revisions\/484"}],"wp:attachment":[{"href":"https:\/\/www.welpen.de\/zuechter\/hildebrand\/wp-json\/wp\/v2\/media?parent=473"}],"curies":[{"name":"wp","href":"https:\/\/api.w.org\/{rel}","templated":true}]}}