{"id":38,"date":"2019-01-04T17:11:51","date_gmt":"2019-01-04T16:11:51","guid":{"rendered":"https:\/\/www.welpen.de\/zuechter\/hildebrand\/cms\/cms\/?page_id=38"},"modified":"2019-01-04T17:22:18","modified_gmt":"2019-01-04T16:22:18","slug":"vor-dem-kauf","status":"publish","type":"page","link":"https:\/\/www.welpen.de\/zuechter\/hildebrand\/vor-dem-kauf\/","title":{"rendered":"Vor dem Kauf"},"content":{"rendered":"<p>Zum Thema Welpenkauf m\u00f6chten wir gerne allen Interessenten folgende Empfehlung geben:<\/p>\n<p>Pr\u00fcfen Sie genau ob Sie einem Welpen die entsprechende Zeit, Zuwendung und die R\u00e4umlichkeiten bieten k\u00f6nnen.<\/p>\n<p>Wird es Ihr erster Berner Sennenhund oder gar Ihr erster Hund, dann sollten Sie sich ausf\u00fchrlich informieren. (B\u00fccher, Videos und Erfahrungsaustausch mit anderen Hundebesitzern)<\/p>\n<p>Wenn Sie sicher sind, da\u00df es ein Berner Sennenhund sein mu\u00df, dann nehmen Sie sich viel Zeit um &#8222;Ihren&#8220; Z\u00fcchter und &#8222;Ihren&#8220; Welpen zu finden. Lassen Sie sich nicht von Begriffen wie &#8211; vom Gesetzgeber autorisierter Z\u00fcchter &#8211; beeinflussen ! Jeder Z\u00fcchter mit mehr als 3 Tieren wird per Gesetz amtstier\u00e4rztlich kontrolliert, um eine tierschutzrechtliche Genehmigung zu bekommen. Dies sagt aber nichts aus \u00fcber die Qualit\u00e4t der Zuchttiere oder deren Nachwuchs !<\/p>\n<p>Die dem VDH angeschlossenen Z\u00fcchter unterliegen einer strengen Zuchtordnung (zum Wohl der Tiere und im Interesse der Rasse) und seit Jahrzehnten wird jedes unserer Zuchttiere auf Zuchttauglichkeit gepr\u00fcft.<\/p>\n<p>FCI Papiere d\u00fcrfen in Deutschland geborene Welpen nur bekommen wenn der Z\u00fcchter dem SSV oder DCBS angeh\u00f6rt !<\/p>\n\n\n<p class=\"has-background has-luminous-vivid-amber-background-color\"><strong>Sie m\u00f6chten an Ihrem neuen Familienmitglied viele Jahre Freude haben &#8211; also kaufen Sie nur dort einen Hund, wo Ihnen wirklich ALLES 100% zusagt &#8211; machen Sie keine Kompromisse ! <\/strong><\/p>","protected":false},"excerpt":{"rendered":"<p>Zum Thema Welpenkauf m\u00f6chten wir gerne allen Interessenten folgende Empfehlung geben: Pr\u00fcfen Sie genau ob Sie einem Welpen die entsprechende Zeit, Zuwendung und die R\u00e4umlichkeiten bieten k\u00f6nnen. Wird es Ihr erster Berner Sennenhund oder gar Ihr erster Hund, dann sollten <a class=\"more-link\" href=\"https:\/\/www.welpen.de\/zuechter\/hildebrand\/vor-dem-kauf\/\">Weiterlesen\u00a0\u2026<\/a><\/p>\n","protected":false},"author":1,"featured_media":0,"parent":0,"menu_order":0,"comment_status":"closed","ping_status":"closed","template":"","meta":{"footnotes":""},"class_list":["post-38","page","type-page","status-publish","hentry"],"_links":{"self":[{"href":"https:\/\/www.welpen.de\/zuechter\/hildebrand\/wp-json\/wp\/v2\/pages\/38","targetHints":{"allow":["GET"]}}],"collection":[{"href":"https:\/\/www.welpen.de\/zuechter\/hildebrand\/wp-json\/wp\/v2\/pages"}],"about":[{"href":"https:\/\/www.welpen.de\/zuechter\/hildebrand\/wp-json\/wp\/v2\/types\/page"}],"author":[{"embeddable":true,"href":"https:\/\/www.welpen.de\/zuechter\/hildebrand\/wp-json\/wp\/v2\/users\/1"}],"replies":[{"embeddable":true,"href":"https:\/\/www.welpen.de\/zuechter\/hildebrand\/wp-json\/wp\/v2\/comments?post=38"}],"version-history":[{"count":4,"href":"https:\/\/www.welpen.de\/zuechter\/hildebrand\/wp-json\/wp\/v2\/pages\/38\/revisions"}],"predecessor-version":[{"id":55,"href":"https:\/\/www.welpen.de\/zuechter\/hildebrand\/wp-json\/wp\/v2\/pages\/38\/revisions\/55"}],"wp:attachment":[{"href":"https:\/\/www.welpen.de\/zuechter\/hildebrand\/wp-json\/wp\/v2\/media?parent=38"}],"curies":[{"name":"wp","href":"https:\/\/api.w.org\/{rel}","templated":true}]}}