{"id":251,"date":"2020-04-19T11:08:34","date_gmt":"2020-04-19T09:08:34","guid":{"rendered":"https:\/\/www.welpen.de\/zuechter\/hildebrand\/cms\/?page_id=251"},"modified":"2022-09-27T12:18:38","modified_gmt":"2022-09-27T10:18:38","slug":"lucky","status":"publish","type":"page","link":"https:\/\/www.welpen.de\/zuechter\/hildebrand\/lucky\/","title":{"rendered":"Lucky"},"content":{"rendered":"<h3 class=\"has-vivid-red-color has-text-color wp-block-heading\">Welcome Lucky Choice of Tasmanska Elitte (genannt Lucky) <\/h3>\n\n\n\n<div class=\"wp-block-group\"><div class=\"wp-block-group__inner-container is-layout-flow wp-block-group-is-layout-flow\">\n<p> <strong>geboren 15.10.2018<\/strong><\/p>\n\n\n\n<p><strong>HD A\/A, ED 0\/0 + OCD nein, DM N\/N (exon1 &amp; exon2) Antagene getestet.<\/strong><\/p>\n\n\n\n<p class=\"has-text-color\" style=\"color:#0b7a52\"><strong>steht ab sofort angek\u00f6rten Hundedamen zur Verf\u00fcgung<\/strong>.<\/p>\n<\/div><\/div>\n\n\n\n<p class=\"has-very-light-gray-background-color has-background\"><strong>Angek\u00f6rt im DCBS:<br><a href=\"https:\/\/www.welpen.de\/zuechter\/hildebrand\/cms\/cms\/wp-content\/uploads\/2020\/11\/lucky01.gif\" target=\"_blank\" rel=\"noreferrer noopener\">Ahnentafel<\/a> <\/strong> | <strong><a href=\"https:\/\/www.welpen.de\/zuechter\/hildebrand\/cms\/koerbericht-lucky\/\">K\u00f6rbericht<\/a><\/strong> |<strong><a rel=\"noreferrer noopener\" href=\"https:\/\/www.welpen.de\/zuechter\/hildebrand\/cms\/cms\/wp-content\/uploads\/2020\/11\/lucky.pdf\" target=\"_blank\">Spermiogramm  &amp; Test auf Mykoplasmien<\/a><\/strong> | <strong><a rel=\"noreferrer noopener\" href=\"https:\/\/www.welpen.de\/zuechter\/hildebrand\/cms\/cms\/wp-content\/uploads\/2020\/11\/Roentgten.Lucky_.jpg\" target=\"_blank\">HD, ED + OCD<\/a><\/strong><br><\/p>\n\n\n\n<p class=\"has-normal-font-size\"><strong>Wir bitten folgende Testergebnisse der H\u00fcndin vorzulegen:<br>negative bei &#8211; Mykoplasmen (Testauswertung Hannover! 1-2 Monate vor L\u00e4ufigkeit) &#8211; Bakterien ( bei Behandlung Medikament mitteilen)<\/strong><\/p>\n\n\n\n<hr class=\"wp-block-separator has-css-opacity\"\/>\n\n\n\n<figure class=\"wp-block-image size-full\"><img loading=\"lazy\" decoding=\"async\" width=\"800\" height=\"534\" src=\"https:\/\/www.welpen.de\/zuechter\/hildebrand\/cms\/cms\/wp-content\/uploads\/2020\/11\/Lucky.9.jpg\" alt=\"\" class=\"wp-image-326\" srcset=\"https:\/\/www.welpen.de\/zuechter\/hildebrand\/cms\/wp-content\/uploads\/2020\/11\/Lucky.9.jpg 800w, https:\/\/www.welpen.de\/zuechter\/hildebrand\/cms\/wp-content\/uploads\/2020\/11\/Lucky.9-300x200.jpg 300w, https:\/\/www.welpen.de\/zuechter\/hildebrand\/cms\/wp-content\/uploads\/2020\/11\/Lucky.9-768x513.jpg 768w\" sizes=\"auto, (max-width: 800px) 100vw, 800px\" \/><\/figure>\n\n\n\n<figure class=\"wp-block-image size-full\"><img loading=\"lazy\" decoding=\"async\" width=\"800\" height=\"534\" src=\"https:\/\/www.welpen.de\/zuechter\/hildebrand\/cms\/cms\/wp-content\/uploads\/2020\/11\/Lucky.11.jpg\" alt=\"\" class=\"wp-image-327\" srcset=\"https:\/\/www.welpen.de\/zuechter\/hildebrand\/cms\/wp-content\/uploads\/2020\/11\/Lucky.11.jpg 800w, https:\/\/www.welpen.de\/zuechter\/hildebrand\/cms\/wp-content\/uploads\/2020\/11\/Lucky.11-300x200.jpg 300w, https:\/\/www.welpen.de\/zuechter\/hildebrand\/cms\/wp-content\/uploads\/2020\/11\/Lucky.11-768x513.jpg 768w\" sizes=\"auto, (max-width: 800px) 100vw, 800px\" \/><\/figure>\n\n\n\n<figure class=\"wp-block-image size-full\"><img loading=\"lazy\" decoding=\"async\" width=\"800\" height=\"534\" src=\"https:\/\/www.welpen.de\/zuechter\/hildebrand\/cms\/cms\/wp-content\/uploads\/2020\/11\/Lucky.10.jpg\" alt=\"\" class=\"wp-image-332\" srcset=\"https:\/\/www.welpen.de\/zuechter\/hildebrand\/cms\/wp-content\/uploads\/2020\/11\/Lucky.10.jpg 800w, https:\/\/www.welpen.de\/zuechter\/hildebrand\/cms\/wp-content\/uploads\/2020\/11\/Lucky.10-300x200.jpg 300w, https:\/\/www.welpen.de\/zuechter\/hildebrand\/cms\/wp-content\/uploads\/2020\/11\/Lucky.10-768x513.jpg 768w\" sizes=\"auto, (max-width: 800px) 100vw, 800px\" \/><\/figure>\n\n\n\n<figure class=\"wp-block-image\"><img loading=\"lazy\" decoding=\"async\" width=\"487\" height=\"708\" src=\"https:\/\/www.welpen.de\/zuechter\/hildebrand\/cms\/cms\/wp-content\/uploads\/2019\/07\/Lucky.Herrenberg.jpg\" alt=\"\" class=\"wp-image-183\" srcset=\"https:\/\/www.welpen.de\/zuechter\/hildebrand\/cms\/wp-content\/uploads\/2019\/07\/Lucky.Herrenberg.jpg 487w, https:\/\/www.welpen.de\/zuechter\/hildebrand\/cms\/wp-content\/uploads\/2019\/07\/Lucky.Herrenberg-206x300.jpg 206w\" sizes=\"auto, (max-width: 487px) 100vw, 487px\" \/><\/figure>\n\n\n\n<hr class=\"wp-block-separator has-css-opacity\"\/>","protected":false},"excerpt":{"rendered":"<p>Welcome Lucky Choice of Tasmanska Elitte (genannt Lucky) geboren 15.10.2018 HD A\/A, ED 0\/0 + OCD nein, DM N\/N (exon1 &amp; exon2) Antagene getestet. steht ab sofort angek\u00f6rten Hundedamen zur Verf\u00fcgung. Angek\u00f6rt im DCBS:Ahnentafel | K\u00f6rbericht |Spermiogramm &amp; Test auf <a class=\"more-link\" href=\"https:\/\/www.welpen.de\/zuechter\/hildebrand\/lucky\/\">Weiterlesen\u00a0\u2026<\/a><\/p>\n","protected":false},"author":1,"featured_media":0,"parent":0,"menu_order":0,"comment_status":"closed","ping_status":"closed","template":"","meta":{"footnotes":""},"class_list":["post-251","page","type-page","status-publish","hentry"],"_links":{"self":[{"href":"https:\/\/www.welpen.de\/zuechter\/hildebrand\/wp-json\/wp\/v2\/pages\/251","targetHints":{"allow":["GET"]}}],"collection":[{"href":"https:\/\/www.welpen.de\/zuechter\/hildebrand\/wp-json\/wp\/v2\/pages"}],"about":[{"href":"https:\/\/www.welpen.de\/zuechter\/hildebrand\/wp-json\/wp\/v2\/types\/page"}],"author":[{"embeddable":true,"href":"https:\/\/www.welpen.de\/zuechter\/hildebrand\/wp-json\/wp\/v2\/users\/1"}],"replies":[{"embeddable":true,"href":"https:\/\/www.welpen.de\/zuechter\/hildebrand\/wp-json\/wp\/v2\/comments?post=251"}],"version-history":[{"count":26,"href":"https:\/\/www.welpen.de\/zuechter\/hildebrand\/wp-json\/wp\/v2\/pages\/251\/revisions"}],"predecessor-version":[{"id":500,"href":"https:\/\/www.welpen.de\/zuechter\/hildebrand\/wp-json\/wp\/v2\/pages\/251\/revisions\/500"}],"wp:attachment":[{"href":"https:\/\/www.welpen.de\/zuechter\/hildebrand\/wp-json\/wp\/v2\/media?parent=251"}],"curies":[{"name":"wp","href":"https:\/\/api.w.org\/{rel}","templated":true}]}}