{"id":1282,"date":"2023-11-09T15:25:26","date_gmt":"2023-11-09T14:25:26","guid":{"rendered":"https:\/\/www.welpen.de\/zucht\/?page_id=1282"},"modified":"2026-02-22T12:14:41","modified_gmt":"2026-02-22T11:14:41","slug":"zuchtstaette-anmelden","status":"publish","type":"page","link":"https:\/\/www.welpen.de\/zucht\/zuchtstaette-anmelden\/","title":{"rendered":"Zuchtst\u00e4tte anmelden"},"content":{"rendered":"\n<h2 class=\"wp-block-heading\">Kostenloser Z\u00fcchtereintrag auf Welpen.de<\/h2>\n\n\n<style>.kb-image1282_a42472-6c .kb-image-has-overlay:after{opacity:0.3;border-top-left-radius:5px;border-top-right-radius:5px;border-bottom-right-radius:5px;border-bottom-left-radius:5px;}.kb-image1282_a42472-6c img.kb-img, .kb-image1282_a42472-6c .kb-img img{border-top-left-radius:5px;border-top-right-radius:5px;border-bottom-right-radius:5px;border-bottom-left-radius:5px;box-shadow:0px 0px 14px 0px rgba(0, 0, 0, 0.2);}<\/style>\n<figure class=\"wp-block-kadence-image kb-image1282_a42472-6c size-large\"><img decoding=\"async\" width=\"1200\" height=\"675\" src=\"https:\/\/www.welpen.de\/zucht\/wp-content\/uploads\/2024\/07\/002-1200x675.webp\" alt=\"Eine junge Familie hat ihren Hundewelpen \u00fcber die Plattform welpen.de gefunden und ist sehr gl\u00fccklich.\" class=\"kb-img wp-image-1770\" srcset=\"https:\/\/www.welpen.de\/zucht\/wp-content\/uploads\/2024\/07\/002-1200x675.webp 1200w, https:\/\/www.welpen.de\/zucht\/wp-content\/uploads\/2024\/07\/002-300x169.webp 300w, https:\/\/www.welpen.de\/zucht\/wp-content\/uploads\/2024\/07\/002-768x432.webp 768w, https:\/\/www.welpen.de\/zucht\/wp-content\/uploads\/2024\/07\/002-150x84.webp 150w, https:\/\/www.welpen.de\/zucht\/wp-content\/uploads\/2024\/07\/002.webp 1280w\" sizes=\"(max-width: 1200px) 100vw, 1200px\" \/><\/figure>\n\n\n\n<p>M\u00f6chten Sie Ihre&nbsp;<strong>Hundezucht kostenlos<\/strong>&nbsp;auf Welpen.de pr\u00e4sentieren? <br>Folgen Sie diesen einfachen Schritten f\u00fcr Ihren&nbsp;<strong>kostenlosen Z\u00fcchtereintrag<\/strong>:<\/p>\n\n\n\n<ol class=\"wp-block-list\">\n<li>Senden Sie eine E-Mail an&nbsp;<a href=\"mailto:webmaster@welpen.de\" target=\"_blank\" rel=\"noreferrer noopener\">webmaster@welpen.de<\/a><\/li>\n\n\n\n<li>F\u00fcgen Sie folgende Informationen bei:\n<ul class=\"wp-block-list\">\n<li>URL Ihrer Z\u00fcchter-Website<\/li>\n\n\n\n<li>&#8222;\u00dcber uns&#8220;-Text zu Ihrer Zucht<\/li>\n\n\n\n<li>Bis zu 6 Fotos Ihrer Hunde\/Welpen<\/li>\n<\/ul>\n<\/li>\n<\/ol>\n\n\n\n<p class=\"has-background\" style=\"background-color:#fcf10057\"><strong>Wichtig:<\/strong>&nbsp;Eine eigene Website mit vollst\u00e4ndigem Impressum ist Voraussetzung f\u00fcr die kostenlose Registrierung.<\/p>\n\n\n\n<h2 class=\"wp-block-heading\">Vorteile Ihres Z\u00fcchtereintrags:<\/h2>\n\n\n\n<ul class=\"wp-block-list\">\n<li>Erh\u00f6hte Sichtbarkeit f\u00fcr Ihre Hundezucht<\/li>\n\n\n\n<li>Direkter Kontakt zu interessierten Welpenliebhabern<\/li>\n\n\n\n<li>Pr\u00e4sentation Ihrer Zucht und der aktuellen W\u00fcrfe<\/li>\n\n\n\n<li>Kostenlose Werbeplattform f\u00fcr seri\u00f6se Z\u00fcchter<\/li>\n<\/ul>\n\n\n\n<h4 class=\"wp-block-heading\">Registrieren Sie sich noch heute und erreichen Sie mehr potenzielle Welpenk\u00e4ufer auf Welpen.de.<\/h4>\n\n\n\n<p>Bild oben KI generiert<\/p>\n","protected":false},"excerpt":{"rendered":"<p>Kostenloser Z\u00fcchtereintrag auf Welpen.de M\u00f6chten Sie Ihre&nbsp;Hundezucht kostenlos&nbsp;auf Welpen.de pr\u00e4sentieren? Folgen Sie diesen einfachen Schritten f\u00fcr Ihren&nbsp;kostenlosen Z\u00fcchtereintrag: Wichtig:&nbsp;Eine eigene Website mit vollst\u00e4ndigem Impressum ist Voraussetzung f\u00fcr die kostenlose Registrierung. Vorteile Ihres Z\u00fcchtereintrags: Registrieren Sie sich noch heute und erreichen Sie mehr potenzielle Welpenk\u00e4ufer [&hellip;]<\/p>\n","protected":false},"author":1,"featured_media":0,"parent":0,"menu_order":0,"comment_status":"closed","ping_status":"closed","template":"","meta":{"site-sidebar-layout":"default","site-content-layout":"","ast-site-content-layout":"default","site-content-style":"default","site-sidebar-style":"default","ast-global-header-display":"","ast-banner-title-visibility":"","ast-main-header-display":"","ast-hfb-above-header-display":"","ast-hfb-below-header-display":"","ast-hfb-mobile-header-display":"","site-post-title":"","ast-breadcrumbs-content":"","ast-featured-img":"","footer-sml-layout":"","ast-disable-related-posts":"","theme-transparent-header-meta":"","adv-header-id-meta":"","stick-header-meta":"","header-above-stick-meta":"","header-main-stick-meta":"","header-below-stick-meta":"","astra-migrate-meta-layouts":"set","ast-page-background-enabled":"default","ast-page-background-meta":{"desktop":{"background-color":"var(--ast-global-color-4)","background-image":"","background-repeat":"repeat","background-position":"center center","background-size":"auto","background-attachment":"scroll","background-type":"","background-media":"","overlay-type":"","overlay-color":"","overlay-opacity":"","overlay-gradient":""},"tablet":{"background-color":"","background-image":"","background-repeat":"repeat","background-position":"center center","background-size":"auto","background-attachment":"scroll","background-type":"","background-media":"","overlay-type":"","overlay-color":"","overlay-opacity":"","overlay-gradient":""},"mobile":{"background-color":"","background-image":"","background-repeat":"repeat","background-position":"center center","background-size":"auto","background-attachment":"scroll","background-type":"","background-media":"","overlay-type":"","overlay-color":"","overlay-opacity":"","overlay-gradient":""}},"ast-content-background-meta":{"desktop":{"background-color":"var(--ast-global-color-5)","background-image":"","background-repeat":"repeat","background-position":"center center","background-size":"auto","background-attachment":"scroll","background-type":"","background-media":"","overlay-type":"","overlay-color":"","overlay-opacity":"","overlay-gradient":""},"tablet":{"background-color":"var(--ast-global-color-5)","background-image":"","background-repeat":"repeat","background-position":"center center","background-size":"auto","background-attachment":"scroll","background-type":"","background-media":"","overlay-type":"","overlay-color":"","overlay-opacity":"","overlay-gradient":""},"mobile":{"background-color":"var(--ast-global-color-5)","background-image":"","background-repeat":"repeat","background-position":"center center","background-size":"auto","background-attachment":"scroll","background-type":"","background-media":"","overlay-type":"","overlay-color":"","overlay-opacity":"","overlay-gradient":""}},"footnotes":""},"class_list":["post-1282","page","type-page","status-publish","hentry"],"yoast_head":"<!-- This site is optimized with the Yoast SEO plugin v27.4 - https:\/\/yoast.com\/product\/yoast-seo-wordpress\/ -->\n<title>Zuchtst\u00e4tte anmelden - Z\u00fcchter bei Welpen.de<\/title>\n<meta name=\"robots\" content=\"index, follow, max-snippet:-1, max-image-preview:large, max-video-preview:-1\" \/>\n<link rel=\"canonical\" href=\"https:\/\/www.welpen.de\/zucht\/zuchtstaette-anmelden\/\" \/>\n<meta property=\"og:locale\" content=\"de_DE\" \/>\n<meta property=\"og:type\" content=\"article\" \/>\n<meta property=\"og:title\" content=\"Zuchtst\u00e4tte anmelden - Z\u00fcchter bei Welpen.de\" \/>\n<meta property=\"og:description\" content=\"Kostenloser Z\u00fcchtereintrag auf Welpen.de M\u00f6chten Sie Ihre&nbsp;Hundezucht kostenlos&nbsp;auf Welpen.de pr\u00e4sentieren? Folgen Sie diesen einfachen Schritten f\u00fcr Ihren&nbsp;kostenlosen Z\u00fcchtereintrag: Wichtig:&nbsp;Eine eigene Website mit vollst\u00e4ndigem Impressum ist Voraussetzung f\u00fcr die kostenlose Registrierung. Vorteile Ihres Z\u00fcchtereintrags: Registrieren Sie sich noch heute und erreichen Sie mehr potenzielle Welpenk\u00e4ufer [&hellip;]\" \/>\n<meta property=\"og:url\" content=\"https:\/\/www.welpen.de\/zucht\/zuchtstaette-anmelden\/\" \/>\n<meta property=\"og:site_name\" content=\"Z\u00fcchter bei Welpen.de\" \/>\n<meta property=\"article:modified_time\" content=\"2026-02-22T11:14:41+00:00\" \/>\n<meta property=\"og:image\" content=\"https:\/\/www.welpen.de\/zucht\/wp-content\/uploads\/2024\/07\/002.webp\" \/>\n\t<meta property=\"og:image:width\" content=\"1280\" \/>\n\t<meta property=\"og:image:height\" content=\"720\" \/>\n\t<meta property=\"og:image:type\" content=\"image\/webp\" \/>\n<meta name=\"twitter:card\" content=\"summary_large_image\" \/>\n<meta name=\"twitter:label1\" content=\"Gesch\u00e4tzte Lesezeit\" \/>\n\t<meta name=\"twitter:data1\" content=\"1\u00a0Minute\" \/>\n<script type=\"application\/ld+json\" class=\"yoast-schema-graph\">{\"@context\":\"https:\\\/\\\/schema.org\",\"@graph\":[{\"@type\":\"WebPage\",\"@id\":\"https:\\\/\\\/www.welpen.de\\\/zucht\\\/zuchtstaette-anmelden\\\/\",\"url\":\"https:\\\/\\\/www.welpen.de\\\/zucht\\\/zuchtstaette-anmelden\\\/\",\"name\":\"Zuchtst\u00e4tte anmelden - Z\u00fcchter bei Welpen.de\",\"isPartOf\":{\"@id\":\"https:\\\/\\\/www.welpen.de\\\/zucht\\\/#website\"},\"primaryImageOfPage\":{\"@id\":\"https:\\\/\\\/www.welpen.de\\\/zucht\\\/zuchtstaette-anmelden\\\/#primaryimage\"},\"image\":{\"@id\":\"https:\\\/\\\/www.welpen.de\\\/zucht\\\/zuchtstaette-anmelden\\\/#primaryimage\"},\"thumbnailUrl\":\"https:\\\/\\\/www.welpen.de\\\/zucht\\\/wp-content\\\/uploads\\\/2024\\\/07\\\/002-1200x675.webp\",\"datePublished\":\"2023-11-09T14:25:26+00:00\",\"dateModified\":\"2026-02-22T11:14:41+00:00\",\"breadcrumb\":{\"@id\":\"https:\\\/\\\/www.welpen.de\\\/zucht\\\/zuchtstaette-anmelden\\\/#breadcrumb\"},\"inLanguage\":\"de\",\"potentialAction\":[{\"@type\":\"ReadAction\",\"target\":[\"https:\\\/\\\/www.welpen.de\\\/zucht\\\/zuchtstaette-anmelden\\\/\"]}]},{\"@type\":\"ImageObject\",\"inLanguage\":\"de\",\"@id\":\"https:\\\/\\\/www.welpen.de\\\/zucht\\\/zuchtstaette-anmelden\\\/#primaryimage\",\"url\":\"https:\\\/\\\/www.welpen.de\\\/zucht\\\/wp-content\\\/uploads\\\/2024\\\/07\\\/002.webp\",\"contentUrl\":\"https:\\\/\\\/www.welpen.de\\\/zucht\\\/wp-content\\\/uploads\\\/2024\\\/07\\\/002.webp\",\"width\":1280,\"height\":720},{\"@type\":\"BreadcrumbList\",\"@id\":\"https:\\\/\\\/www.welpen.de\\\/zucht\\\/zuchtstaette-anmelden\\\/#breadcrumb\",\"itemListElement\":[{\"@type\":\"ListItem\",\"position\":1,\"name\":\"Startseite\",\"item\":\"https:\\\/\\\/www.welpen.de\\\/zucht\\\/\"},{\"@type\":\"ListItem\",\"position\":2,\"name\":\"Zuchtst\u00e4tte anmelden\"}]},{\"@type\":\"WebSite\",\"@id\":\"https:\\\/\\\/www.welpen.de\\\/zucht\\\/#website\",\"url\":\"https:\\\/\\\/www.welpen.de\\\/zucht\\\/\",\"name\":\"Z\u00fcchter bei Welpen.de\",\"description\":\"\",\"publisher\":{\"@id\":\"https:\\\/\\\/www.welpen.de\\\/zucht\\\/#organization\"},\"potentialAction\":[{\"@type\":\"SearchAction\",\"target\":{\"@type\":\"EntryPoint\",\"urlTemplate\":\"https:\\\/\\\/www.welpen.de\\\/zucht\\\/?s={search_term_string}\"},\"query-input\":{\"@type\":\"PropertyValueSpecification\",\"valueRequired\":true,\"valueName\":\"search_term_string\"}}],\"inLanguage\":\"de\"},{\"@type\":\"Organization\",\"@id\":\"https:\\\/\\\/www.welpen.de\\\/zucht\\\/#organization\",\"name\":\"welpen.de\",\"url\":\"https:\\\/\\\/www.welpen.de\\\/zucht\\\/\",\"logo\":{\"@type\":\"ImageObject\",\"inLanguage\":\"de\",\"@id\":\"https:\\\/\\\/www.welpen.de\\\/zucht\\\/#\\\/schema\\\/logo\\\/image\\\/\",\"url\":\"https:\\\/\\\/www.welpen.de\\\/zucht\\\/wp-content\\\/uploads\\\/2022\\\/03\\\/welpen_de.png\",\"contentUrl\":\"https:\\\/\\\/www.welpen.de\\\/zucht\\\/wp-content\\\/uploads\\\/2022\\\/03\\\/welpen_de.png\",\"width\":450,\"height\":90,\"caption\":\"welpen.de\"},\"image\":{\"@id\":\"https:\\\/\\\/www.welpen.de\\\/zucht\\\/#\\\/schema\\\/logo\\\/image\\\/\"}}]}<\/script>\n<!-- \/ Yoast SEO plugin. -->","yoast_head_json":{"title":"Zuchtst\u00e4tte anmelden - Z\u00fcchter bei Welpen.de","robots":{"index":"index","follow":"follow","max-snippet":"max-snippet:-1","max-image-preview":"max-image-preview:large","max-video-preview":"max-video-preview:-1"},"canonical":"https:\/\/www.welpen.de\/zucht\/zuchtstaette-anmelden\/","og_locale":"de_DE","og_type":"article","og_title":"Zuchtst\u00e4tte anmelden - Z\u00fcchter bei Welpen.de","og_description":"Kostenloser Z\u00fcchtereintrag auf Welpen.de M\u00f6chten Sie Ihre&nbsp;Hundezucht kostenlos&nbsp;auf Welpen.de pr\u00e4sentieren? Folgen Sie diesen einfachen Schritten f\u00fcr Ihren&nbsp;kostenlosen Z\u00fcchtereintrag: Wichtig:&nbsp;Eine eigene Website mit vollst\u00e4ndigem Impressum ist Voraussetzung f\u00fcr die kostenlose Registrierung. Vorteile Ihres Z\u00fcchtereintrags: Registrieren Sie sich noch heute und erreichen Sie mehr potenzielle Welpenk\u00e4ufer [&hellip;]","og_url":"https:\/\/www.welpen.de\/zucht\/zuchtstaette-anmelden\/","og_site_name":"Z\u00fcchter bei Welpen.de","article_modified_time":"2026-02-22T11:14:41+00:00","og_image":[{"width":1280,"height":720,"url":"https:\/\/www.welpen.de\/zucht\/wp-content\/uploads\/2024\/07\/002.webp","type":"image\/webp"}],"twitter_card":"summary_large_image","twitter_misc":{"Gesch\u00e4tzte Lesezeit":"1\u00a0Minute"},"schema":{"@context":"https:\/\/schema.org","@graph":[{"@type":"WebPage","@id":"https:\/\/www.welpen.de\/zucht\/zuchtstaette-anmelden\/","url":"https:\/\/www.welpen.de\/zucht\/zuchtstaette-anmelden\/","name":"Zuchtst\u00e4tte anmelden - Z\u00fcchter bei Welpen.de","isPartOf":{"@id":"https:\/\/www.welpen.de\/zucht\/#website"},"primaryImageOfPage":{"@id":"https:\/\/www.welpen.de\/zucht\/zuchtstaette-anmelden\/#primaryimage"},"image":{"@id":"https:\/\/www.welpen.de\/zucht\/zuchtstaette-anmelden\/#primaryimage"},"thumbnailUrl":"https:\/\/www.welpen.de\/zucht\/wp-content\/uploads\/2024\/07\/002-1200x675.webp","datePublished":"2023-11-09T14:25:26+00:00","dateModified":"2026-02-22T11:14:41+00:00","breadcrumb":{"@id":"https:\/\/www.welpen.de\/zucht\/zuchtstaette-anmelden\/#breadcrumb"},"inLanguage":"de","potentialAction":[{"@type":"ReadAction","target":["https:\/\/www.welpen.de\/zucht\/zuchtstaette-anmelden\/"]}]},{"@type":"ImageObject","inLanguage":"de","@id":"https:\/\/www.welpen.de\/zucht\/zuchtstaette-anmelden\/#primaryimage","url":"https:\/\/www.welpen.de\/zucht\/wp-content\/uploads\/2024\/07\/002.webp","contentUrl":"https:\/\/www.welpen.de\/zucht\/wp-content\/uploads\/2024\/07\/002.webp","width":1280,"height":720},{"@type":"BreadcrumbList","@id":"https:\/\/www.welpen.de\/zucht\/zuchtstaette-anmelden\/#breadcrumb","itemListElement":[{"@type":"ListItem","position":1,"name":"Startseite","item":"https:\/\/www.welpen.de\/zucht\/"},{"@type":"ListItem","position":2,"name":"Zuchtst\u00e4tte anmelden"}]},{"@type":"WebSite","@id":"https:\/\/www.welpen.de\/zucht\/#website","url":"https:\/\/www.welpen.de\/zucht\/","name":"Z\u00fcchter bei Welpen.de","description":"","publisher":{"@id":"https:\/\/www.welpen.de\/zucht\/#organization"},"potentialAction":[{"@type":"SearchAction","target":{"@type":"EntryPoint","urlTemplate":"https:\/\/www.welpen.de\/zucht\/?s={search_term_string}"},"query-input":{"@type":"PropertyValueSpecification","valueRequired":true,"valueName":"search_term_string"}}],"inLanguage":"de"},{"@type":"Organization","@id":"https:\/\/www.welpen.de\/zucht\/#organization","name":"welpen.de","url":"https:\/\/www.welpen.de\/zucht\/","logo":{"@type":"ImageObject","inLanguage":"de","@id":"https:\/\/www.welpen.de\/zucht\/#\/schema\/logo\/image\/","url":"https:\/\/www.welpen.de\/zucht\/wp-content\/uploads\/2022\/03\/welpen_de.png","contentUrl":"https:\/\/www.welpen.de\/zucht\/wp-content\/uploads\/2022\/03\/welpen_de.png","width":450,"height":90,"caption":"welpen.de"},"image":{"@id":"https:\/\/www.welpen.de\/zucht\/#\/schema\/logo\/image\/"}}]}},"_links":{"self":[{"href":"https:\/\/www.welpen.de\/zucht\/wp-json\/wp\/v2\/pages\/1282","targetHints":{"allow":["GET"]}}],"collection":[{"href":"https:\/\/www.welpen.de\/zucht\/wp-json\/wp\/v2\/pages"}],"about":[{"href":"https:\/\/www.welpen.de\/zucht\/wp-json\/wp\/v2\/types\/page"}],"author":[{"embeddable":true,"href":"https:\/\/www.welpen.de\/zucht\/wp-json\/wp\/v2\/users\/1"}],"replies":[{"embeddable":true,"href":"https:\/\/www.welpen.de\/zucht\/wp-json\/wp\/v2\/comments?post=1282"}],"version-history":[{"count":0,"href":"https:\/\/www.welpen.de\/zucht\/wp-json\/wp\/v2\/pages\/1282\/revisions"}],"wp:attachment":[{"href":"https:\/\/www.welpen.de\/zucht\/wp-json\/wp\/v2\/media?parent=1282"}],"curies":[{"name":"wp","href":"https:\/\/api.w.org\/{rel}","templated":true}]}}